{"id":15991,"date":"2026-04-06T05:53:22","date_gmt":"2026-04-06T04:53:22","guid":{"rendered":"https:\/\/grillcentrum.shop\/gree\/produkt\/kosiarka-akumulatorowa-silnik-indukcyjny-40v-ladowarka-mocna-bateria\/"},"modified":"2026-04-06T05:53:22","modified_gmt":"2026-04-06T04:53:22","slug":"kosiarka-akumulatorowa-silnik-indukcyjny-40v-ladowarka-mocna-bateria","status":"publish","type":"product","link":"https:\/\/verdixa2.shop\/legit\/produkt\/kosiarka-akumulatorowa-silnik-indukcyjny-40v-ladowarka-mocna-bateria\/","title":{"rendered":"KOSIARKA AKUMULATOROWA SILNIK INDUKCYJNY 40V \u0141ADOWARKA MOCNA BATERIA"},"content":{"rendered":"<div style=\"font-family: Arial, sans-serif; line-height: 1.6; color: #333; padding: 20px; clear: both; display: block; width: 100%; float: none; position: static; overflow: hidden;\">\n<div style=\"clear: both; display: block; margin: 10px 0;\">\n<div style=\"clear: both; display: block; margin: 10px 0;\">\n<div style=\"clear: both; display: block; margin: 10px 0;\">\n<h1>KOSIARKA AKUMULATOROWA SILNIK INDUKCYJNY 40V \u0141ADOWARKA BATERIA 4AH MOCNA<\/h1>\n<h2>\u2705 Nieograniczony zasi\u0119g \u2705 Cicha \u2705 Ekonomiczna \u2705 Ekologiczna&nbsp;\u2705 Oszcz\u0119dna<\/h2>\n<h2>\u2b50 Szukasz kosiarki akumulatorowej, cenisz sobie trwa\u0142e i ekonomiczne rozwi\u0105zania?<\/h2>\n<p style=\"margin: 15px 0; line-height: 1.8; clear: both; display: block; width: 100%; float: none; position: static;\"><b>Postaw na akumulatorow\u0105 kosiark\u0119 Lehmann!&nbsp;<\/b>Niskie obci\u0105\u017cenia, cicha praca, intuicyjna obs\u0142uga oraz mocny i trwa\u0142y silnik indukcyjny to odpowied\u017a na potrzeby nowoczesnych ogrodnik\u00f3w. W tej ofercie otrzymasz kompletny zestaw z \u0142adowark\u0105 i akumulatorem, kt\u00f3ry pozwoli na skoszenie nawet do 600 m2!<\/p>\n<h2>\u2b50 Pracuj bez kabla i ha\u0142asu z now\u0105 kosiark\u0105 indukcyjn\u0105 Lehmann!<\/h2>\n<\/div>\n<\/div>\n<\/div>\n<div style=\"clear: both; display: block; margin: 10px 0;\">\n<div style=\"clear: both; display: block; margin: 10px 0;\">\n<div style=\"clear: both; display: block; margin: 10px 0;\">\n<div  style=\"max-width:2000px;max-height:1511px\">\n<div style=\"clear: both; display: block; margin: 10px 0;\">\n<div style=\"clear: both; width: 100%; display: block; margin: 20px 0; padding: 0; float: none; position: static; text-align: center;\"><img decoding=\"async\"  src=\"https:\/\/a.allegroimg.com\/original\/11db61\/47e56b2e4fcea0a257d7baa58491\/KOSIARKA-AKUMULATOROWA-SILNIK-INDUKCYJNY-40V-LADOWARKA-MOCNA-BATERIA-Kod-producenta-LGALM-4032\" srcset=\"https:\/\/a.allegroimg.com\/original\/11db61\/47e56b2e4fcea0a257d7baa58491\/KOSIARKA-AKUMULATOROWA-SILNIK-INDUKCYJNY-40V-LADOWARKA-MOCNA-BATERIA-Kod-producenta-LGALM-4032 360w,https:\/\/a.allegroimg.com\/original\/11db61\/47e56b2e4fcea0a257d7baa58491\/KOSIARKA-AKUMULATOROWA-SILNIK-INDUKCYJNY-40V-LADOWARKA-MOCNA-BATERIA-Kod-producenta-LGALM-4032 720w,https:\/\/a.allegroimg.com\/original\/11db61\/47e56b2e4fcea0a257d7baa58491\/KOSIARKA-AKUMULATOROWA-SILNIK-INDUKCYJNY-40V-LADOWARKA-MOCNA-BATERIA-Kod-producenta-LGALM-4032 1024w,https:\/\/a.allegroimg.com\/original\/11db61\/47e56b2e4fcea0a257d7baa58491\/KOSIARKA-AKUMULATOROWA-SILNIK-INDUKCYJNY-40V-LADOWARKA-MOCNA-BATERIA-Kod-producenta-LGALM-4032 1440w,https:\/\/a.allegroimg.com\/original\/11db61\/47e56b2e4fcea0a257d7baa58491\/KOSIARKA-AKUMULATOROWA-SILNIK-INDUKCYJNY-40V-LADOWARKA-MOCNA-BATERIA-Kod-producenta-LGALM-4032 2000w\" sizes=\"100vw\" width=\"2000px\" alt=\"KOSIARKA AKUMULATOROWA SILNIK INDUKCYJNY 40V \u0141ADOWARKA MOCNA BATERIA Kod producenta LGALM-4032\" style=\"max-width: 100%; height: auto; display: block; margin: 0 auto;\"><\/div>\n<\/div>\n<\/div>\n<\/div>\n<\/div>\n<\/div>\n<div style=\"clear: both; display: block; margin: 10px 0;\">\n<div style=\"clear: both; display: block; margin: 10px 0;\">\n<div style=\"clear: both; display: block; margin: 10px 0;\">\n<h2>\u2b50 Prawdziwe napi\u0119cie 40V ma wi\u0119kszy wp\u0142yw na zdolno\u015b\u0107 do ci\u0119cia trudnej trawy!<\/h2>\n<p style=\"margin: 15px 0; line-height: 1.8; clear: both; display: block; width: 100%; float: none; position: static;\"><b>Szukasz najwi\u0119kszej wydajno\u015bci? <\/b>Wy\u017csze napi\u0119cie pozwala na uzyskanie tej samej mocy przy ni\u017cszym pr\u0105dzie \u2014 co oznacza mniejsze nagrzewanie i wi\u0119ksz\u0105 wydajno\u015b\u0107 silnika. <b>Mocniejsza b\u0119dzie kosiarka 40V 4Ah<\/b> \u2013 bo napi\u0119cie ma wi\u0119kszy wp\u0142yw na zdolno\u015b\u0107 urz\u0105dzenia do ci\u0119cia trudnej trawy.<\/p>\n<ul style=\"margin: 15px 0; padding-left: 20px; clear: both; display: block; width: 100%; float: none; position: static;\">\n<li style=\"margin: 5px 0; padding: 2px 0; clear: both; display: list-item; float: none; position: static;\"><b>\u2705 Kosiarka z 40V mo\u017ce dostarczy\u0107 wi\u0119ksz\u0105 moc chwilow\u0105<\/b>, bo jej silnik mo\u017ce operowa\u0107 przy wy\u017cszym napi\u0119ciu.<\/li>\n<li style=\"margin: 5px 0; padding: 2px 0; clear: both; display: list-item; float: none; position: static;\"><b>\u2705 Wybierz kosiark\u0119 40V (z jedn\u0105 bateri\u0105 4Ah), je\u015blichcesz wi\u0119ksz\u0105 moc ci\u0119cia&nbsp;<\/b>(np. g\u0119sta trawa) i zale\u017cy Ci na efektywno\u015bci przy ci\u0119\u017cszych warunkach.<\/li>\n<\/ul>\n<h2>\u2b50 Nowoczesna bateria 40V gwarantuje d\u0142u\u017cszy czas pracy na jednym \u0142adowaniu!<\/h2>\n<p style=\"margin: 15px 0; line-height: 1.8; clear: both; display: block; width: 100%; float: none; position: static;\"><b>Chcesz kosi\u0107 d\u0142u\u017cej bez uci\u0105\u017cliwych przerw na wymian\u0119 baterii lub do\u0142adowanie? <\/b>Akumulator 4Ah zapewnia d\u0142u\u017cszy czas pracy na jednym \u0142adowaniu w por\u00f3wnaniu z pojedynczym akumulatorem o pojemno\u015bci 2Ah lub dwoma po\u0142aczonymi r\u00f3wnolegle.<\/p>\n<ul style=\"margin: 15px 0; padding-left: 20px; clear: both; display: block; width: 100%; float: none; position: static;\">\n<li style=\"margin: 5px 0; padding: 2px 0; clear: both; display: list-item; float: none; position: static;\"><b>\u2705 U\u017cywanie&nbsp;jednego akumulatora 4Ah jest prostsze i wygodniejsze ni\u017c zarz\u0105dzanie dwoma akumulatorami 2Ah<\/b>, szczeg\u00f3lnie je\u015bli trzeba je cz\u0119sto wymienia\u0107 i \u0142adowa\u0107.<\/li>\n<li style=\"margin: 5px 0; padding: 2px 0; clear: both; display: list-item; float: none; position: static;\"><b>\u2705 Mniejsze zu\u017cycie pr\u0105du kiedy<\/b>&nbsp;<b>u\u017cywasz jednego akumulatora<\/b>, maszyna jest zaprojektowana do pracy z okre\u015blonym napi\u0119ciem i pr\u0105dem. Przy dw\u00f3ch akumulatorach 2Ah, je\u015bli kosiarka jest zaprojektowana do pracy z jednym wi\u0119kszym akumulatorem, mog\u0105 wyst\u0105pi\u0107 problemy z wydajno\u015bci\u0105 lub zu\u017cyciem.<\/li>\n<li style=\"margin: 5px 0; padding: 2px 0; clear: both; display: list-item; float: none; position: static;\"><b>\u2705 Lepsza integracja z urz\u0105dzeniem!&nbsp;<\/b>Akumulator o pojemno\u015bci 4Ah jest lepiej zintegrowany z kosiark\u0105, oferuj\u0105c optymalne wykorzystanie przestrzeni i efektywno\u015b\u0107 energetyczn\u0105.<\/li>\n<li style=\"margin: 5px 0; padding: 2px 0; clear: both; display: list-item; float: none; position: static;\"><b>\u2705 Mo\u017cliwe korzy\u015bci kosztowe<\/b>: zakup dw\u00f3ch mniejszych akumulator\u00f3w cz\u0119sto okazuje si\u0119 dro\u017cszy w d\u0142u\u017cszej perspektywie, bior\u0105c pod uwag\u0119 potencjalne koszty zwi\u0105zane z ich wymian\u0105 i zarz\u0105dzaniem.<\/li>\n<li style=\"margin: 5px 0; padding: 2px 0; clear: both; display: list-item; float: none; position: static;\"><b>\u2705 Szybka \u0142adowarka jest ju\u017c w zestawie<\/b>, \u0142aduje akumulator 30% szybciej niz standardowe \u0142adowarki.<\/li>\n<\/ul>\n<\/div>\n<\/div>\n<\/div>\n<div style=\"clear: both; display: block; margin: 10px 0;\">\n<div style=\"clear: both; display: block; margin: 10px 0;\">\n<div style=\"clear: both; display: block; margin: 10px 0;\">\n<div  style=\"max-width:2000px;max-height:2000px\">\n<div style=\"clear: both; display: block; margin: 10px 0;\">\n<div style=\"clear: both; width: 100%; display: block; margin: 20px 0; padding: 0; float: none; position: static; text-align: center;\"><img decoding=\"async\"  src=\"https:\/\/a.allegroimg.com\/original\/11e69d\/3c144fb043ce8344f3774184cbe1\/KOSIARKA-AKUMULATOROWA-SILNIK-INDUKCYJNY-40V-LADOWARKA-MOCNA-BATERIA-Seria-KOSIARKA-AKUMULATOROWA-LEHMANN-MOCNA-30L\" srcset=\"https:\/\/a.allegroimg.com\/original\/11e69d\/3c144fb043ce8344f3774184cbe1\/KOSIARKA-AKUMULATOROWA-SILNIK-INDUKCYJNY-40V-LADOWARKA-MOCNA-BATERIA-Seria-KOSIARKA-AKUMULATOROWA-LEHMANN-MOCNA-30L 360w,https:\/\/a.allegroimg.com\/original\/11e69d\/3c144fb043ce8344f3774184cbe1\/KOSIARKA-AKUMULATOROWA-SILNIK-INDUKCYJNY-40V-LADOWARKA-MOCNA-BATERIA-Seria-KOSIARKA-AKUMULATOROWA-LEHMANN-MOCNA-30L 720w,https:\/\/a.allegroimg.com\/original\/11e69d\/3c144fb043ce8344f3774184cbe1\/KOSIARKA-AKUMULATOROWA-SILNIK-INDUKCYJNY-40V-LADOWARKA-MOCNA-BATERIA-Seria-KOSIARKA-AKUMULATOROWA-LEHMANN-MOCNA-30L 1024w,https:\/\/a.allegroimg.com\/original\/11e69d\/3c144fb043ce8344f3774184cbe1\/KOSIARKA-AKUMULATOROWA-SILNIK-INDUKCYJNY-40V-LADOWARKA-MOCNA-BATERIA-Seria-KOSIARKA-AKUMULATOROWA-LEHMANN-MOCNA-30L 1440w,https:\/\/a.allegroimg.com\/original\/11e69d\/3c144fb043ce8344f3774184cbe1\/KOSIARKA-AKUMULATOROWA-SILNIK-INDUKCYJNY-40V-LADOWARKA-MOCNA-BATERIA-Seria-KOSIARKA-AKUMULATOROWA-LEHMANN-MOCNA-30L 2000w\" sizes=\"100vw\" width=\"2000px\" alt=\"KOSIARKA AKUMULATOROWA SILNIK INDUKCYJNY 40V \u0141ADOWARKA MOCNA BATERIA Seria KOSIARKA AKUMULATOROWA LEHMANN MOCNA 30L\" style=\"max-width: 100%; height: auto; display: block; margin: 0 auto;\"><\/div>\n<\/div>\n<\/div>\n<\/div>\n<\/div>\n<\/div>\n<div style=\"clear: both; display: block; margin: 10px 0;\">\n<div style=\"clear: both; display: block; margin: 10px 0;\">\n<div style=\"clear: both; display: block; margin: 10px 0;\">\n<h2>\u2b50 Pierwsza taka bezprzewodowa kosiarka z prawdziwym silnikiem indukcyjnym!<\/h2>\n<p style=\"margin: 15px 0; line-height: 1.8; clear: both; display: block; width: 100%; float: none; position: static;\"><b>Wybieraj\u0105c now\u0105 kosiark\u0119 szukasz trwa\u0142o\u015bci i nowoczesnych rozwi\u0105za\u0144?&nbsp;<\/b>Kosiarki z silnikiem indukcyjnym lub szczotkowym r\u00f3\u017cni\u0105 si\u0119 pod wieloma wzgl\u0119dami, zar\u00f3wno je\u015bli chodzi o ich budow\u0119, jak i funkcjonalno\u015b\u0107. Poznaj zalety kosiarki Lehmann z silnikiem indukcyjnym i wybierz najlepszy sprz\u0119t na rynku:<\/p>\n<h3 style=\"color: #2c5aa0; font-size: 18px; margin: 30px 0 15px 0; font-weight: bold; clear: both; display: block; width: 100%; float: none; position: static;\">Kosiarka z silnikiem indukcyjnym ma wi\u0119ksz\u0105 efektywno\u015b\u0107 energetyczn\u0105:<\/h3>\n<ul style=\"margin: 15px 0; padding-left: 20px; clear: both; display: block; width: 100%; float: none; position: static;\">\n<li style=\"margin: 5px 0; padding: 2px 0; clear: both; display: list-item; float: none; position: static;\"><b>\u2705 Silnik indukcyjny<\/b>: Jest bardziej efektywny energetycznie ni\u017c silnik szczotkowy. To oznacza, \u017ce kosiarka Lehmann z silnikiem indukcyjnym zu\u017cywa mniej energii na jednostk\u0119 pracy, co przek\u0142ada si\u0119 na d\u0142u\u017cszy czas pracy na jednym \u0142adowaniu akumulatora.<\/li>\n<li style=\"margin: 5px 0; padding: 2px 0; clear: both; display: list-item; float: none; position: static;\"><b>\u2757\u2757 Silnik szczotkowy<\/b>: Jest mniej efektywny energetycznie, co oznacza, \u017ce zu\u017cywa wi\u0119cej energii na jednostk\u0119 pracy w por\u00f3wnaniu do silnika indukcyjnego.<\/li>\n<\/ul>\n<h3 style=\"color: #2c5aa0; font-size: 18px; margin: 30px 0 15px 0; font-weight: bold; clear: both; display: block; width: 100%; float: none; position: static;\">Kosiarka akumulatorowa Lehmann jest trwalsza i prosta w konserwacji:<\/h3>\n<ul style=\"margin: 15px 0; padding-left: 20px; clear: both; display: block; width: 100%; float: none; position: static;\">\n<li style=\"margin: 5px 0; padding: 2px 0; clear: both; display: list-item; float: none; position: static;\"><b>\u2705 Silnik indukcyjny<\/b>: Ze wzgl\u0119du na brak cz\u0119\u015bci ruchomych, takich jak szczotki, silnik indukcyjny w kosiarce Lehmann jest bardziej trwa\u0142y i wymaga mniej konserwacji w por\u00f3wnaniu do silnika szczotkowego.<\/li>\n<li style=\"margin: 5px 0; padding: 2px 0; clear: both; display: list-item; float: none; position: static;\">\u2757\u2757&nbsp;<b>Silnik szczotkowy<\/b>: Zawiera szczotki w\u0119glowe, kt\u00f3re zu\u017cywaj\u0105 si\u0119 i wymagaj\u0105 regularnej konserwacji lub wymiany, co mo\u017ce tylko zwi\u0119kszy\u0107 koszty utrzymania kosiarki.<\/li>\n<\/ul>\n<h3 style=\"color: #2c5aa0; font-size: 18px; margin: 30px 0 15px 0; font-weight: bold; clear: both; display: block; width: 100%; float: none; position: static;\">Kosiarka z silnikiem indukcyjnym Lehmann jest cicha w trakcie pracy:<\/h3>\n<ul style=\"margin: 15px 0; padding-left: 20px; clear: both; display: block; width: 100%; float: none; position: static;\">\n<li style=\"margin: 5px 0; padding: 2px 0; clear: both; display: list-item; float: none; position: static;\"><b>\u2705 Silnik indukcyjny<\/b>: Generuje mniej ha\u0142asu podczas pracy ni\u017c silnik szczotkowy, co przek\u0142ada si\u0119 na bardziej cich\u0105 operacj\u0119 kosiarki.<\/li>\n<li style=\"margin: 5px 0; padding: 2px 0; clear: both; display: list-item; float: none; position: static;\">\u2757\u2757&nbsp;<b>Silnik szczotkowy<\/b>: Jest ha\u0142a\u015bliwy podczas pracy, co jest uci\u0105\u017cliwe dla u\u017cytkownik\u00f3w oraz otoczenia.<\/li>\n<\/ul>\n<h3 style=\"color: #2c5aa0; font-size: 18px; margin: 30px 0 15px 0; font-weight: bold; clear: both; display: block; width: 100%; float: none; position: static;\">Kosiarka z silnikiem indukcyjnym jest l\u017cejsza i zwinniejsza w ma\u0142ym ogrodzie:<\/h3>\n<ul style=\"margin: 15px 0; padding-left: 20px; clear: both; display: block; width: 100%; float: none; position: static;\">\n<li style=\"margin: 5px 0; padding: 2px 0; clear: both; display: list-item; float: none; position: static;\"><b>\u2705 Silnik indukcyjny<\/b>: Jest lekki i zajmuje mniej miejsca ni\u017c silnik szczotkowy, co u\u0142atwia przechowywanie i manewrowanie kosiark\u0105.<\/li>\n<li style=\"margin: 5px 0; padding: 2px 0; clear: both; display: list-item; float: none; position: static;\">\u2757\u2757&nbsp;<b>Silnik szczotkowy<\/b>: Ci\u0119\u017cszy i wi\u0119kszy ni\u017c silnik indukcyjny, co mo\u017ce sprawi\u0107, \u017ce kosiarka b\u0119dzie bardziej niepor\u0119czna w u\u017cytkowaniu.<\/li>\n<\/ul>\n<h3 style=\"color: #2c5aa0; font-size: 18px; margin: 30px 0 15px 0; font-weight: bold; clear: both; display: block; width: 100%; float: none; position: static;\">Wybierz kosiark\u0119 z silnikiem indukcyjnym je\u015bli dbasz o \u015brodowisko:<\/h3>\n<ul style=\"margin: 15px 0; padding-left: 20px; clear: both; display: block; width: 100%; float: none; position: static;\">\n<li style=\"margin: 5px 0; padding: 2px 0; clear: both; display: list-item; float: none; position: static;\"><b>\u2705 Silnik indukcyjny<\/b>: Jest przyjazny dla \u015brodowiska, poniewa\u017c nie generuje emisji ze szczotek w\u0119glowych, kt\u00f3re s\u0105 szkodliwe dla powietrza.<\/li>\n<li style=\"margin: 5px 0; padding: 2px 0; clear: both; display: list-item; float: none; position: static;\">\u2757\u2757&nbsp;<b>Silnik szczotkowy<\/b>: Generuje emisje zwi\u0105zane z zu\u017cyciem szczotek w\u0119glowych, co negatywnie wp\u0142ywa na \u015brodowisko.<\/li>\n<\/ul>\n<p style=\"margin: 15px 0; line-height: 1.8; clear: both; display: block; width: 100%; float: none; position: static;\"><b>Podsumowuj\u0105c, kosiarki akumulatorowe Lehmann z silnikiem indukcyjnym oferuj\u0105 wi\u0119ksz\u0105 efektywno\u015b\u0107 energetyczn\u0105, trwa\u0142o\u015b\u0107, cich\u0105 prac\u0119 oraz mniejsze obci\u0105\u017cenie dla \u015brodowiska w por\u00f3wnaniu do kosiarek z silnikiem szczotkowym.<\/b>&nbsp;To najlepszy wyb\u00f3r na rynku urz\u0105dze\u0144 akumulatorowych w por\u00f3wnaniu do silnik\u00f3w szczotkowych.<\/p>\n<\/div>\n<\/div>\n<\/div>\n<div style=\"clear: both; display: block; margin: 10px 0;\">\n<div style=\"clear: both; display: block; margin: 10px 0;\">\n<div style=\"clear: both; display: block; margin: 10px 0;\">\n<div  style=\"max-width:2000px;max-height:2000px\">\n<div style=\"clear: both; display: block; margin: 10px 0;\">\n<div style=\"clear: both; width: 100%; display: block; margin: 20px 0; padding: 0; float: none; position: static; text-align: center;\"><img decoding=\"async\"  src=\"https:\/\/a.allegroimg.com\/original\/11df52\/32796d094ca3bc133ad3db4d68e8\/KOSIARKA-AKUMULATOROWA-SILNIK-INDUKCYJNY-40V-LADOWARKA-MOCNA-BATERIA-Marka-Lehmann\" srcset=\"https:\/\/a.allegroimg.com\/original\/11df52\/32796d094ca3bc133ad3db4d68e8\/KOSIARKA-AKUMULATOROWA-SILNIK-INDUKCYJNY-40V-LADOWARKA-MOCNA-BATERIA-Marka-Lehmann 360w,https:\/\/a.allegroimg.com\/original\/11df52\/32796d094ca3bc133ad3db4d68e8\/KOSIARKA-AKUMULATOROWA-SILNIK-INDUKCYJNY-40V-LADOWARKA-MOCNA-BATERIA-Marka-Lehmann 720w,https:\/\/a.allegroimg.com\/original\/11df52\/32796d094ca3bc133ad3db4d68e8\/KOSIARKA-AKUMULATOROWA-SILNIK-INDUKCYJNY-40V-LADOWARKA-MOCNA-BATERIA-Marka-Lehmann 1024w,https:\/\/a.allegroimg.com\/original\/11df52\/32796d094ca3bc133ad3db4d68e8\/KOSIARKA-AKUMULATOROWA-SILNIK-INDUKCYJNY-40V-LADOWARKA-MOCNA-BATERIA-Marka-Lehmann 1440w,https:\/\/a.allegroimg.com\/original\/11df52\/32796d094ca3bc133ad3db4d68e8\/KOSIARKA-AKUMULATOROWA-SILNIK-INDUKCYJNY-40V-LADOWARKA-MOCNA-BATERIA-Marka-Lehmann 2000w\" sizes=\"100vw\" width=\"2000px\" alt=\"KOSIARKA AKUMULATOROWA SILNIK INDUKCYJNY 40V \u0141ADOWARKA MOCNA BATERIA Marka Lehmann\" style=\"max-width: 100%; height: auto; display: block; margin: 0 auto;\"><\/div>\n<\/div>\n<\/div>\n<\/div>\n<\/div>\n<\/div>\n<div style=\"clear: both; display: block; margin: 10px 0;\">\n<div style=\"clear: both; display: block; margin: 10px 0;\">\n<div style=\"clear: both; display: block; margin: 10px 0;\">\n<h2>\u2b50 Doskona\u0142e efekty koszenia bez wysi\u0142ku i zb\u0119dnego ha\u0142asu nawet do 600 m2!<\/h2>\n<p style=\"margin: 15px 0; line-height: 1.8; clear: both; display: block; width: 100%; float: none; position: static;\"><b>Szukasz kosiarki do du\u017cego ogrodu?&nbsp;<\/b>Akumulator o pojemno\u015bci 4 Ah zapewni nawet do 60 minut nieprzerwanej pracy. Pozwoli na skoszenie ca\u0142ego trawnika. Pami\u0119taj, \u017ce rzeczywisty czas pracy mo\u017ce r\u00f3\u017cni\u0107 si\u0119 w zale\u017cno\u015bci od indywidualnych warunk\u00f3w u\u017cytkowania, jak wysoko\u015b\u0107 koszenia, temperatura czy g\u0119sto\u015b\u0107 trawy.<\/p>\n<\/div>\n<\/div>\n<\/div>\n<div style=\"clear: both; display: block; margin: 10px 0;\">\n<div style=\"clear: both; display: block; margin: 10px 0;\">\n<div style=\"clear: both; display: block; margin: 10px 0;\">\n<div  style=\"max-width:2560px;max-height:2560px\">\n<div style=\"clear: both; display: block; margin: 10px 0;\">\n<div style=\"clear: both; width: 100%; display: block; margin: 20px 0; padding: 0; float: none; position: static; text-align: center;\"><img decoding=\"async\"  src=\"https:\/\/a.allegroimg.com\/original\/11fabe\/dd7ecc684ebdb51da15cf49c5ce6\/KOSIARKA-AKUMULATOROWA-SILNIK-INDUKCYJNY-40V-LADOWARKA-MOCNA-BATERIA-Pojemnosc-akumulatora-4-Ah\" srcset=\"https:\/\/a.allegroimg.com\/original\/11fabe\/dd7ecc684ebdb51da15cf49c5ce6\/KOSIARKA-AKUMULATOROWA-SILNIK-INDUKCYJNY-40V-LADOWARKA-MOCNA-BATERIA-Pojemnosc-akumulatora-4-Ah 360w,https:\/\/a.allegroimg.com\/original\/11fabe\/dd7ecc684ebdb51da15cf49c5ce6\/KOSIARKA-AKUMULATOROWA-SILNIK-INDUKCYJNY-40V-LADOWARKA-MOCNA-BATERIA-Pojemnosc-akumulatora-4-Ah 720w,https:\/\/a.allegroimg.com\/original\/11fabe\/dd7ecc684ebdb51da15cf49c5ce6\/KOSIARKA-AKUMULATOROWA-SILNIK-INDUKCYJNY-40V-LADOWARKA-MOCNA-BATERIA-Pojemnosc-akumulatora-4-Ah 1024w,https:\/\/a.allegroimg.com\/original\/11fabe\/dd7ecc684ebdb51da15cf49c5ce6\/KOSIARKA-AKUMULATOROWA-SILNIK-INDUKCYJNY-40V-LADOWARKA-MOCNA-BATERIA-Pojemnosc-akumulatora-4-Ah 1440w,https:\/\/a.allegroimg.com\/original\/11fabe\/dd7ecc684ebdb51da15cf49c5ce6\/KOSIARKA-AKUMULATOROWA-SILNIK-INDUKCYJNY-40V-LADOWARKA-MOCNA-BATERIA-Pojemnosc-akumulatora-4-Ah 2560w\" sizes=\"(min-width: 1200px) 560px, (min-width: 992px) 50vw, 100vw\" width=\"2560px\" alt=\"KOSIARKA AKUMULATOROWA SILNIK INDUKCYJNY 40V \u0141ADOWARKA MOCNA BATERIA Pojemno\u015b\u0107 akumulatora 4 Ah\" style=\"max-width: 100%; height: auto; display: block; margin: 0 auto;\"><\/div>\n<\/div>\n<\/div>\n<\/div>\n<\/div>\n<div style=\"clear: both; display: block; margin: 10px 0;\">\n<div style=\"clear: both; display: block; margin: 10px 0;\">\n<p style=\"margin: 15px 0; line-height: 1.8; clear: both; display: block; width: 100%; float: none; position: static;\">\u2b50&nbsp;<b>Najwa\u017cniejsze zalety:<\/b><\/p>\n<ul style=\"margin: 15px 0; padding-left: 20px; clear: both; display: block; width: 100%; float: none; position: static;\">\n<li style=\"margin: 5px 0; padding: 2px 0; clear: both; display: list-item; float: none; position: static;\"><b>Bezszczotkowy silnik indukcyjny:<\/b>&nbsp;zapewnia cich\u0105, wydajn\u0105 i d\u0142ugotrwa\u0142\u0105 prac\u0119 przy niskim poziomie ha\u0142asu<\/li>\n<li style=\"margin: 5px 0; padding: 2px 0; clear: both; display: list-item; float: none; position: static;\"><b>Du\u017ca szeroko\u015b\u0107 koszenia:<\/b> 32 cm szeroko\u015bci roboczej i regulacja wysoko\u015bci w 5 poziomach (20\u201360 mm).<\/li>\n<li style=\"margin: 5px 0; padding: 2px 0; clear: both; display: list-item; float: none; position: static;\"><b>Kompletny zestaw gotowy do pracy:<\/b>&nbsp;zawiera akumulator 4Ah oraz szybk\u0105 \u0142adowark\u0119, co pozwala na do 60 minut koszenia bez przerwy.<\/li>\n<li style=\"margin: 5px 0; padding: 2px 0; clear: both; display: list-item; float: none; position: static;\"><b>Solidna konstrukcja z ABS+:<\/b>&nbsp;wzmocnione podwozie i kosz (30 L) odporne na uderzenia i trudne warunki u\u017cytkowania.<\/li>\n<li style=\"margin: 5px 0; padding: 2px 0; clear: both; display: list-item; float: none; position: static;\"><b>Wszechstronny system tn\u0105cy:<\/b> zbieranie oraz funkcja mulczowania, idealne do obszar\u00f3w do 600 m\u00b2.<\/li>\n<li style=\"margin: 5px 0; padding: 2px 0; clear: both; display: list-item; float: none; position: static;\"><b><br \/>\n","protected":false},"excerpt":{"rendered":"<p>KOSIARKA AKUMULATOROWA SILNIK INDUKCYJNY 40V \u0141ADOWARKA BATERIA 4AH MOCNA<\/p>\n<p>\u2705 Nieograniczony zasi\u0119g \u2705 Cicha \u2705 Ekonomiczna \u2705 Ekologiczna&nbsp;\u2705 Oszcz\u0119dna<\/p>\n<p>\u2b50 Szukasz kosiarki akumulatorowej, cenisz sobie trwa\u0142e i ekonomiczne rozwi\u0105zania?<\/p>\n<p>Postaw na akumulatorow\u0105 kosiark\u0119 Lehmann!&nbsp;Niskie obci\u0105\u017cenia, cicha praca, intuicyjna obs\u0142uga oraz mocny i trwa\u0142y silnik indukcyjny to odpowied\u017a na potrzeby nowoczesnych ogrodnik\u00f3w. W tej ofercie otrzymasz kompletny zestaw z \u0142adowark\u0105 i akumulatorem, kt\u00f3ry pozwoli na skoszenie nawet do 600 m2!<\/p>\n","protected":false},"featured_media":15992,"template":"","meta":{"_uag_custom_page_level_css":""},"product_brand":[833],"product_cat":[867,896,866,541],"product_tag":[],"class_list":{"0":"post-15991","1":"product","2":"type-product","3":"status-publish","4":"has-post-thumbnail","6":"product_brand-lehmann","7":"product_cat-kosiarki","8":"product_cat-kosiarki-akumulatorowe","9":"product_cat-narzedzia-ogrodnicze","10":"product_cat-ogrod","12":"first","13":"instock","14":"shipping-taxable","15":"purchasable","16":"product-type-simple"},"uagb_featured_image_src":{"full":["https:\/\/verdixa2.shop\/legit\/wp-content\/uploads\/2026\/04\/allegro-image-15991.jpg",2000,2000,false],"thumbnail":["https:\/\/verdixa2.shop\/legit\/wp-content\/uploads\/2026\/04\/allegro-image-15991-150x150.jpg",150,150,true],"medium":["https:\/\/verdixa2.shop\/legit\/wp-content\/uploads\/2026\/04\/allegro-image-15991-300x300.jpg",300,300,true],"medium_large":["https:\/\/verdixa2.shop\/legit\/wp-content\/uploads\/2026\/04\/allegro-image-15991-768x768.jpg",768,768,true],"large":["https:\/\/verdixa2.shop\/legit\/wp-content\/uploads\/2026\/04\/allegro-image-15991-1024x1024.jpg",1024,1024,true],"1536x1536":["https:\/\/verdixa2.shop\/legit\/wp-content\/uploads\/2026\/04\/allegro-image-15991-1536x1536.jpg",1536,1536,true],"2048x2048":["https:\/\/verdixa2.shop\/legit\/wp-content\/uploads\/2026\/04\/allegro-image-15991.jpg",2000,2000,false],"woocommerce_thumbnail":["https:\/\/verdixa2.shop\/legit\/wp-content\/uploads\/2026\/04\/allegro-image-15991-300x300.jpg",300,300,true],"woocommerce_single":["https:\/\/verdixa2.shop\/legit\/wp-content\/uploads\/2026\/04\/allegro-image-15991-600x600.jpg",600,600,true],"woocommerce_gallery_thumbnail":["https:\/\/verdixa2.shop\/legit\/wp-content\/uploads\/2026\/04\/allegro-image-15991-100x100.jpg",100,100,true]},"uagb_author_info":{"display_name":"admin","author_link":"https:\/\/verdixa2.shop\/legit\/author\/"},"uagb_comment_info":0,"uagb_excerpt":"KOSIARKA AKUMULATOROWA SILNIK INDUKCYJNY 40V \u0141ADOWARKA BATERIA 4AH MOCNA \u2705 Nieograniczony zasi\u0119g \u2705 Cicha \u2705 Ekonomiczna \u2705 Ekologiczna&nbsp;\u2705 Oszcz\u0119dna \u2b50 Szukasz kosiarki akumulatorowej, cenisz sobie trwa\u0142e i ekonomiczne rozwi\u0105zania? Postaw na akumulatorow\u0105 kosiark\u0119 Lehmann!&nbsp;Niskie obci\u0105\u017cenia, cicha praca, intuicyjna obs\u0142uga oraz mocny i trwa\u0142y silnik indukcyjny to odpowied\u017a na potrzeby nowoczesnych ogrodnik\u00f3w. W tej ofercie otrzymasz&hellip;","_links":{"self":[{"href":"https:\/\/verdixa2.shop\/legit\/wp-json\/wp\/v2\/product\/15991","targetHints":{"allow":["GET"]}}],"collection":[{"href":"https:\/\/verdixa2.shop\/legit\/wp-json\/wp\/v2\/product"}],"about":[{"href":"https:\/\/verdixa2.shop\/legit\/wp-json\/wp\/v2\/types\/product"}],"wp:featuredmedia":[{"embeddable":true,"href":"https:\/\/verdixa2.shop\/legit\/wp-json\/wp\/v2\/media\/15992"}],"wp:attachment":[{"href":"https:\/\/verdixa2.shop\/legit\/wp-json\/wp\/v2\/media?parent=15991"}],"wp:term":[{"taxonomy":"product_brand","embeddable":true,"href":"https:\/\/verdixa2.shop\/legit\/wp-json\/wp\/v2\/product_brand?post=15991"},{"taxonomy":"product_cat","embeddable":true,"href":"https:\/\/verdixa2.shop\/legit\/wp-json\/wp\/v2\/product_cat?post=15991"},{"taxonomy":"product_tag","embeddable":true,"href":"https:\/\/verdixa2.shop\/legit\/wp-json\/wp\/v2\/product_tag?post=15991"}],"curies":[{"name":"wp","href":"https:\/\/api.w.org\/{rel}","templated":true}]}}